{"id":454,"date":"2015-04-03T16:43:38","date_gmt":"2015-04-03T12:43:38","guid":{"rendered":"http:\/\/www.bedandbreakfast3gs.com\/?page_id=454"},"modified":"2026-01-19T11:55:33","modified_gmt":"2026-01-19T07:55:33","slug":"campers-and-tents","status":"publish","type":"page","link":"https:\/\/www.bedandbreakfast3gs.com\/de\/campers-and-tents\/","title":{"rendered":"Wohnmobile und Zelte"},"content":{"rendered":"<p><strong>Wohnmobile und Zelte<\/strong><\/p>\n<p>Das Camping 3Gs hat die M\u00f6glichkeit auch G\u00e4ste mit Zelten und Wohnmobilen zu empfangen.<\/p>\n<p>Der Preis betr\u00e4gt f\u00fcr Wohnmobile und Zelte 4.500 AMD pro Person, pro Nacht. Kinder 2.000 AMD 2 jahre bis 10 jahre pro Person, pro Nacht.<\/p>\n<p>Mieten Sie ein Zelt; 1 persoon 8.000 amd, 2 Personen 14.000 amd und 3 Personen 20.000 amd pro Nacht.<\/p>\n<p>Die Benutzung von Swimmingpool, 3 Outdoor-K\u00fcche, 8 warmer Dusche und 6 WC&#8217;s, 3 Waschmaschinen, WLAN und Grillm\u00f6glichkeiten ist im Preis inbegriffen.<br \/>\n3\u00a0<em>(Outdoor) -K\u00fcche Camping G\u00e4ste und B&amp;B\u00a0G\u00e4ste.<\/em><\/p>\n<p><a href=\"http:\/\/www.bedandbreakfast3gs.com\/wp-content\/uploads\/2015\/04\/DSCN2373.jpg\"><img loading=\"lazy\" decoding=\"async\" class=\"alignnone size-medium wp-image-494\" src=\"http:\/\/www.bedandbreakfast3gs.com\/wp-content\/uploads\/2015\/04\/DSCN2373-300x225.jpg\" alt=\"DSCN2373\" width=\"300\" height=\"225\" srcset=\"https:\/\/www.bedandbreakfast3gs.com\/wp-content\/uploads\/2015\/04\/DSCN2373-300x225.jpg 300w, https:\/\/www.bedandbreakfast3gs.com\/wp-content\/uploads\/2015\/04\/DSCN2373-1024x768.jpg 1024w, https:\/\/www.bedandbreakfast3gs.com\/wp-content\/uploads\/2015\/04\/DSCN2373-227x170.jpg 227w\" sizes=\"auto, (max-width: 300px) 100vw, 300px\" \/><\/a>\u00a0 \u00a0<a href=\"http:\/\/www.bedandbreakfast3gs.com\/wp-content\/uploads\/2015\/04\/DSCN2270.jpg\"><img loading=\"lazy\" decoding=\"async\" class=\"alignnone size-medium wp-image-493\" src=\"http:\/\/www.bedandbreakfast3gs.com\/wp-content\/uploads\/2015\/04\/DSCN2270-300x225.jpg\" alt=\"DSCN2270\" width=\"300\" height=\"225\" srcset=\"https:\/\/www.bedandbreakfast3gs.com\/wp-content\/uploads\/2015\/04\/DSCN2270-300x225.jpg 300w, https:\/\/www.bedandbreakfast3gs.com\/wp-content\/uploads\/2015\/04\/DSCN2270-1024x768.jpg 1024w, https:\/\/www.bedandbreakfast3gs.com\/wp-content\/uploads\/2015\/04\/DSCN2270-227x170.jpg 227w\" sizes=\"auto, (max-width: 300px) 100vw, 300px\" \/><\/a><\/p>\n<p><a href=\"http:\/\/www.bedandbreakfast3gs.com\/wp-content\/uploads\/2015\/04\/DSCN2267.jpg\"><img loading=\"lazy\" decoding=\"async\" class=\"alignnone size-medium wp-image-492\" src=\"http:\/\/www.bedandbreakfast3gs.com\/wp-content\/uploads\/2015\/04\/DSCN2267-300x225.jpg\" alt=\"DSCN2267\" width=\"300\" height=\"225\" srcset=\"https:\/\/www.bedandbreakfast3gs.com\/wp-content\/uploads\/2015\/04\/DSCN2267-300x225.jpg 300w, https:\/\/www.bedandbreakfast3gs.com\/wp-content\/uploads\/2015\/04\/DSCN2267-1024x768.jpg 1024w, https:\/\/www.bedandbreakfast3gs.com\/wp-content\/uploads\/2015\/04\/DSCN2267-227x170.jpg 227w\" sizes=\"auto, (max-width: 300px) 100vw, 300px\" \/><\/a><\/p>\n<p>8<em> Dusche mit hei\u00dfem und kaltem Wasser, 6 Toilette und 6 Waschbecken mit Spiegel<\/em><\/p>\n<p><img loading=\"lazy\" decoding=\"async\" class=\"alignnone size-medium wp-image-539\" src=\"http:\/\/www.bedandbreakfast3gs.com\/wp-content\/uploads\/2015\/04\/DSCN3317-300x225.jpg\" alt=\"DSCN3317\" width=\"300\" height=\"225\" srcset=\"https:\/\/www.bedandbreakfast3gs.com\/wp-content\/uploads\/2015\/04\/DSCN3317-300x225.jpg 300w, https:\/\/www.bedandbreakfast3gs.com\/wp-content\/uploads\/2015\/04\/DSCN3317-768x576.jpg 768w, https:\/\/www.bedandbreakfast3gs.com\/wp-content\/uploads\/2015\/04\/DSCN3317-1024x768.jpg 1024w, https:\/\/www.bedandbreakfast3gs.com\/wp-content\/uploads\/2015\/04\/DSCN3317-227x170.jpg 227w\" sizes=\"auto, (max-width: 300px) 100vw, 300px\" \/> <img loading=\"lazy\" decoding=\"async\" class=\"alignnone size-medium wp-image-538\" src=\"http:\/\/www.bedandbreakfast3gs.com\/wp-content\/uploads\/2015\/04\/DSCN3330-300x225.jpg\" alt=\"DSCN3330\" width=\"300\" height=\"225\" srcset=\"https:\/\/www.bedandbreakfast3gs.com\/wp-content\/uploads\/2015\/04\/DSCN3330-300x225.jpg 300w, https:\/\/www.bedandbreakfast3gs.com\/wp-content\/uploads\/2015\/04\/DSCN3330-768x576.jpg 768w, https:\/\/www.bedandbreakfast3gs.com\/wp-content\/uploads\/2015\/04\/DSCN3330-1024x768.jpg 1024w, https:\/\/www.bedandbreakfast3gs.com\/wp-content\/uploads\/2015\/04\/DSCN3330-227x170.jpg 227w\" sizes=\"auto, (max-width: 300px) 100vw, 300px\" \/> <img loading=\"lazy\" decoding=\"async\" class=\"alignnone size-medium wp-image-537\" src=\"http:\/\/www.bedandbreakfast3gs.com\/wp-content\/uploads\/2015\/04\/DSCN3328-300x225.jpg\" alt=\"DSCN3328\" width=\"300\" height=\"225\" srcset=\"https:\/\/www.bedandbreakfast3gs.com\/wp-content\/uploads\/2015\/04\/DSCN3328-300x225.jpg 300w, https:\/\/www.bedandbreakfast3gs.com\/wp-content\/uploads\/2015\/04\/DSCN3328-768x576.jpg 768w, https:\/\/www.bedandbreakfast3gs.com\/wp-content\/uploads\/2015\/04\/DSCN3328-1024x768.jpg 1024w, https:\/\/www.bedandbreakfast3gs.com\/wp-content\/uploads\/2015\/04\/DSCN3328-227x170.jpg 227w\" sizes=\"auto, (max-width: 300px) 100vw, 300px\" \/><\/p>\n<p><em>Frei, den Pool.<\/em><\/p>\n<p><img loading=\"lazy\" decoding=\"async\" class=\"alignnone size-medium wp-image-652\" src=\"http:\/\/www.bedandbreakfast3gs.com\/wp-content\/uploads\/2015\/04\/20200807_150054-300x225.jpg\" alt=\"\" width=\"300\" height=\"225\" srcset=\"https:\/\/www.bedandbreakfast3gs.com\/wp-content\/uploads\/2015\/04\/20200807_150054-300x225.jpg 300w, https:\/\/www.bedandbreakfast3gs.com\/wp-content\/uploads\/2015\/04\/20200807_150054-768x576.jpg 768w, https:\/\/www.bedandbreakfast3gs.com\/wp-content\/uploads\/2015\/04\/20200807_150054-1024x768.jpg 1024w, https:\/\/www.bedandbreakfast3gs.com\/wp-content\/uploads\/2015\/04\/20200807_150054-227x170.jpg 227w\" sizes=\"auto, (max-width: 300px) 100vw, 300px\" \/><\/p>","protected":false},"excerpt":{"rendered":"<p>Wohnmobile und Zelte Das Camping 3Gs hat die M\u00f6glichkeit auch G\u00e4ste mit Zelten und Wohnmobilen zu empfangen. Der Preis betr\u00e4gt f\u00fcr Wohnmobile und Zelte 4.500 AMD pro Person, pro Nacht. Kinder 2.000 AMD 2 jahre bis 10 jahre pro Person, pro Nacht. Mieten Sie ein Zelt; 1 persoon 8.000 amd, 2 Personen 14.000 amd und [&hellip;]<\/p>\n","protected":false},"author":1,"featured_media":676,"parent":0,"menu_order":0,"comment_status":"closed","ping_status":"open","template":"page-full-width.php","meta":{"footnotes":""},"class_list":["post-454","page","type-page","status-publish","has-post-thumbnail","hentry"],"_links":{"self":[{"href":"https:\/\/www.bedandbreakfast3gs.com\/de\/wp-json\/wp\/v2\/pages\/454","targetHints":{"allow":["GET"]}}],"collection":[{"href":"https:\/\/www.bedandbreakfast3gs.com\/de\/wp-json\/wp\/v2\/pages"}],"about":[{"href":"https:\/\/www.bedandbreakfast3gs.com\/de\/wp-json\/wp\/v2\/types\/page"}],"author":[{"embeddable":true,"href":"https:\/\/www.bedandbreakfast3gs.com\/de\/wp-json\/wp\/v2\/users\/1"}],"replies":[{"embeddable":true,"href":"https:\/\/www.bedandbreakfast3gs.com\/de\/wp-json\/wp\/v2\/comments?post=454"}],"version-history":[{"count":26,"href":"https:\/\/www.bedandbreakfast3gs.com\/de\/wp-json\/wp\/v2\/pages\/454\/revisions"}],"predecessor-version":[{"id":709,"href":"https:\/\/www.bedandbreakfast3gs.com\/de\/wp-json\/wp\/v2\/pages\/454\/revisions\/709"}],"wp:featuredmedia":[{"embeddable":true,"href":"https:\/\/www.bedandbreakfast3gs.com\/de\/wp-json\/wp\/v2\/media\/676"}],"wp:attachment":[{"href":"https:\/\/www.bedandbreakfast3gs.com\/de\/wp-json\/wp\/v2\/media?parent=454"}],"curies":[{"name":"wp","href":"https:\/\/api.w.org\/{rel}","templated":true}]}}