{"id":303,"date":"2014-12-09T21:05:56","date_gmt":"2014-12-09T17:05:56","guid":{"rendered":"http:\/\/www.bedandbreakfast3gs.com\/?page_id=303"},"modified":"2025-01-17T11:00:39","modified_gmt":"2025-01-17T07:00:39","slug":"information-about-bb-3-gs","status":"publish","type":"page","link":"https:\/\/www.bedandbreakfast3gs.com\/de\/information-about-bb-3-gs\/","title":{"rendered":"Informationen B&#038;B 3 Gs"},"content":{"rendered":"<p>\u00dcber den Eigent\u00fcmer<\/p>\n<p>2011 Sandra (NL), zog wegen der Arbeit nach Armenien. Um ehrlich zu sein, wusste ich am Anfang sehr wenig \u00fcber das Land. Nach einem dreimonatigen Aufenthalt in der Hauptstadt Eriwan haben wir eine Wohnung bei einer Familie in Goght gefunden. An freien Tagen habe ich gemeinsam mit dem Hund die Natur und die sch\u00f6ne Umgebung kennengelernt. Familie und Freunde kamen zu Besuch und verliebten sich &#8211; genau wie ich &#8211; in dieses Land. Daher entschied man sich, ein Haus mit Blick auf den Khosrov-Nationalpark zu suchen, von wo aus man die sch\u00f6ne Aussicht genie\u00dfen kann.<\/p>\n<p><img loading=\"lazy\" decoding=\"async\" class=\"alignnone size-medium wp-image-703\" src=\"http:\/\/www.bedandbreakfast3gs.com\/wp-content\/uploads\/2014\/12\/sandra-2022-225x300.jpg\" alt=\"\" width=\"225\" height=\"300\" srcset=\"https:\/\/www.bedandbreakfast3gs.com\/wp-content\/uploads\/2014\/12\/sandra-2022-225x300.jpg 225w, https:\/\/www.bedandbreakfast3gs.com\/wp-content\/uploads\/2014\/12\/sandra-2022.jpg 768w, https:\/\/www.bedandbreakfast3gs.com\/wp-content\/uploads\/2014\/12\/sandra-2022-128x170.jpg 128w\" sizes=\"auto, (max-width: 225px) 100vw, 225px\" \/><\/p>\n<p><strong><em>Wie ist der Name Bed &amp; Breakfast 3 Gs entstanden?<\/em><\/strong><\/p>\n<p>Weil GOGHT exakt inmitten der zwei bekannten Orte Garni und Geghard liegt haben wir den Namen 3Gs bedacht. Garni liegt 15 Minuten, Geghard 10 Minuten vom Bed &amp; Breakfast 3 Gs entfernt. Sie k\u00f6nnen beide Orte zu Fu\u00df, mit dem Fahrrad oder mit Taxi\/Taxibusen erreichen.<\/p>\n<p><strong><em>Bed &amp; Breakfast 3 Gs\u00a0<\/em><\/strong><\/p>\n<p>Bed &amp; Breakfast 3Gs wurde 2014 ge\u00f6ffnet. Das Bed &amp; Breakfast und Camping liegt genau zwischen Garni und Geghard. Das Haus (1976 erbaut) bietet einigen Luxus, ohne seinen armenischen Charakter verloren zu haben. Das Erdgeschoss wird von den Eigent\u00fcmern bewohnt, die obere Etage verf\u00fcgt \u00fcber vier G\u00e4stezimmer: drei ger\u00e4umige Zimmer \u201eArarat\u201c, \u201eGarni\u201c und \u201eGeghard\u201c und ein luxuri\u00f6ses Zimmer \u201eGoght\u201c mit einer wunderbaren Aussicht. Es gibt ein gro\u00dfes, gemeinsam genutztes Wohnzimmer mit Fl\u00fcgelt\u00fcren zum Balkon, auf welchen man sich setzen kann, um die fantastische Aussicht zu genie\u00dfen. Jedes Zimmer verf\u00fcgt \u00fcber ein eigenes Bad mit Dusche, Waschbecken und Toilette. Das Zimmer \u201eGoght\u201c verf\u00fcgt \u00fcber ein direkt ans Zimmer angeschlossenes Bad, die anderen Badezimmer sind jeweils \u00fcber den Flur erreichbar.<\/p>\n<p>Auf dem Grundst\u00fcck befindet sich ein gro\u00dfer Garten mit Swimmingpool und Liegest\u00fchlen. Hier k\u00f6nnen Sie die 280 Sonnentage, die Goght bietet, genie\u00dfen, denn es regnet nur selten. \u00dcber die Treppe erreichen Sie den tiefer gelegenen Obstgarten (9000 m\u00b2), in dem Sie ihr Zelt unter B\u00e4umen aufschlagen k\u00f6nnen. Dies sind traditionelle Baumsorten, wie Walnuss, verschiedene Arten Apfel, Birne, Pfirsich, Kirsche, sowie Weinreben. Die vielen, frei umherlaufenden Tiere sorgen stets f\u00fcr sch\u00f6nes, kurzes Gras.Es gibt eine ger\u00e4umige K\u00fcche, wo Sie Mittag- und Abendessen zu machen.\u00a0 Wir bieten gratis WLAN und k\u00f6nnen (gegen Verg\u00fctung) einen Transport zur Hauptstadt oder zum Flughafen organisieren.<\/p>","protected":false},"excerpt":{"rendered":"<p>\u00dcber den Eigent\u00fcmer 2011 Sandra (NL), zog wegen der Arbeit nach Armenien. Um ehrlich zu sein, wusste ich am Anfang sehr wenig \u00fcber das Land. Nach einem dreimonatigen Aufenthalt in der Hauptstadt Eriwan haben wir eine Wohnung bei einer Familie in Goght gefunden. An freien Tagen habe ich gemeinsam mit dem Hund die Natur und [&hellip;]<\/p>\n","protected":false},"author":1,"featured_media":679,"parent":0,"menu_order":0,"comment_status":"open","ping_status":"open","template":"page-full-width.php","meta":{"footnotes":""},"class_list":["post-303","page","type-page","status-publish","has-post-thumbnail","hentry"],"_links":{"self":[{"href":"https:\/\/www.bedandbreakfast3gs.com\/de\/wp-json\/wp\/v2\/pages\/303","targetHints":{"allow":["GET"]}}],"collection":[{"href":"https:\/\/www.bedandbreakfast3gs.com\/de\/wp-json\/wp\/v2\/pages"}],"about":[{"href":"https:\/\/www.bedandbreakfast3gs.com\/de\/wp-json\/wp\/v2\/types\/page"}],"author":[{"embeddable":true,"href":"https:\/\/www.bedandbreakfast3gs.com\/de\/wp-json\/wp\/v2\/users\/1"}],"replies":[{"embeddable":true,"href":"https:\/\/www.bedandbreakfast3gs.com\/de\/wp-json\/wp\/v2\/comments?post=303"}],"version-history":[{"count":29,"href":"https:\/\/www.bedandbreakfast3gs.com\/de\/wp-json\/wp\/v2\/pages\/303\/revisions"}],"predecessor-version":[{"id":707,"href":"https:\/\/www.bedandbreakfast3gs.com\/de\/wp-json\/wp\/v2\/pages\/303\/revisions\/707"}],"wp:featuredmedia":[{"embeddable":true,"href":"https:\/\/www.bedandbreakfast3gs.com\/de\/wp-json\/wp\/v2\/media\/679"}],"wp:attachment":[{"href":"https:\/\/www.bedandbreakfast3gs.com\/de\/wp-json\/wp\/v2\/media?parent=303"}],"curies":[{"name":"wp","href":"https:\/\/api.w.org\/{rel}","templated":true}]}}