{"id":290,"date":"2014-12-08T15:19:01","date_gmt":"2014-12-08T11:19:01","guid":{"rendered":"http:\/\/www.bedandbreakfast3gs.com\/?page_id=290"},"modified":"2022-02-14T11:36:24","modified_gmt":"2022-02-14T07:36:24","slug":"deluxe-room","status":"publish","type":"page","link":"https:\/\/www.bedandbreakfast3gs.com\/de\/home-page\/deluxe-room\/","title":{"rendered":"Deluxe room"},"content":{"rendered":"<p><strong>Informationen \u00fcber das Deluxe- Zimmer Goght<\/strong><\/p>\n<p>Das Deluxe-Zimmer Goght ist ein sonniges Zimmer von 20m2, mit einem wundersch\u00f6nen Blick \u00fcber Goght und den Khosrov Nationalpark. Das Badezimmer kann direkt vom Schlafzimmer betreten werden Das Badezimmer verf\u00fcgt \u00fcber ein Waschbecken mit Schr\u00e4nken, einen Spiegel, eine Steckdose, eine Toilette und eine Duschkabine mit Shampoo und Duschegel mit einer sch\u00f6nen Dusche. Das Zimmer verf\u00fcgt \u00fcber zus\u00e4tzlichen Luxus Kissen speziell zum Lesen eines Buches und oder um Fernsehen zu schauen. Alles ist sauber und die Betten sind frisch bezogen. Das Zimmer hat einen Kleiderschrank mit gro\u00dfem Spiegel, in dem zwei Bademantel und den F\u00f6n zu finden sind. Es gibt auch einen Tisch mit zwei sch\u00f6nen gro\u00dfen St\u00fchlen, einen kleinen Fernseher mit Fernbedienung auf einem Schrank mit zus\u00e4tzlichem Stauraum. Es gibt eine Klimaanlage.\u00a0Es gibt auch Wi-Fi in dem Raum.<\/p>\n<p>Jeden Tag wird pro Person ein sauberes Handtuch, Waschlappen und ein Badetuch zum Pool hingelegt.<\/p>","protected":false},"excerpt":{"rendered":"<p>Informationen \u00fcber das Deluxe- Zimmer Goght Das Deluxe-Zimmer Goght ist ein sonniges Zimmer von 20m2, mit einem wundersch\u00f6nen Blick \u00fcber Goght und den Khosrov Nationalpark. Das Badezimmer kann direkt vom Schlafzimmer betreten werden Das Badezimmer verf\u00fcgt \u00fcber ein Waschbecken mit Schr\u00e4nken, einen Spiegel, eine Steckdose, eine Toilette und eine Duschkabine mit Shampoo und Duschegel mit [&hellip;]<\/p>\n","protected":false},"author":1,"featured_media":674,"parent":132,"menu_order":0,"comment_status":"open","ping_status":"open","template":"page-full-width.php","meta":{"footnotes":""},"class_list":["post-290","page","type-page","status-publish","has-post-thumbnail","hentry"],"_links":{"self":[{"href":"https:\/\/www.bedandbreakfast3gs.com\/de\/wp-json\/wp\/v2\/pages\/290","targetHints":{"allow":["GET"]}}],"collection":[{"href":"https:\/\/www.bedandbreakfast3gs.com\/de\/wp-json\/wp\/v2\/pages"}],"about":[{"href":"https:\/\/www.bedandbreakfast3gs.com\/de\/wp-json\/wp\/v2\/types\/page"}],"author":[{"embeddable":true,"href":"https:\/\/www.bedandbreakfast3gs.com\/de\/wp-json\/wp\/v2\/users\/1"}],"replies":[{"embeddable":true,"href":"https:\/\/www.bedandbreakfast3gs.com\/de\/wp-json\/wp\/v2\/comments?post=290"}],"version-history":[{"count":11,"href":"https:\/\/www.bedandbreakfast3gs.com\/de\/wp-json\/wp\/v2\/pages\/290\/revisions"}],"predecessor-version":[{"id":682,"href":"https:\/\/www.bedandbreakfast3gs.com\/de\/wp-json\/wp\/v2\/pages\/290\/revisions\/682"}],"up":[{"embeddable":true,"href":"https:\/\/www.bedandbreakfast3gs.com\/de\/wp-json\/wp\/v2\/pages\/132"}],"wp:featuredmedia":[{"embeddable":true,"href":"https:\/\/www.bedandbreakfast3gs.com\/de\/wp-json\/wp\/v2\/media\/674"}],"wp:attachment":[{"href":"https:\/\/www.bedandbreakfast3gs.com\/de\/wp-json\/wp\/v2\/media?parent=290"}],"curies":[{"name":"wp","href":"https:\/\/api.w.org\/{rel}","templated":true}]}}