{"id":287,"date":"2014-12-08T15:15:34","date_gmt":"2014-12-08T11:15:34","guid":{"rendered":"http:\/\/www.bedandbreakfast3gs.com\/?page_id=287"},"modified":"2022-02-14T11:39:48","modified_gmt":"2022-02-14T07:39:48","slug":"double-and-single-rooms","status":"publish","type":"page","link":"https:\/\/www.bedandbreakfast3gs.com\/de\/home-page\/double-and-single-rooms\/","title":{"rendered":"Double and Single rooms"},"content":{"rendered":"<p><strong>Informationen \u00fcber die Doppel- und Einzelzimmer<\/strong><\/p>\n<p>Die 3 Schlafzimmer Ararat, Garni und Geghard Doppel- oder Einzelzimmer sind ger\u00e4umige Zimmer von 16 m2. Jedes Schlafzimmer hat ein eigenes Badezimmer auf dem Flur. Das Badezimmer verf\u00fcgt \u00fcber ein Waschbecken mit Schr\u00e4nken, einen Spiegel, eine Steckdose, eine Toilette und eine Duschkabine mit Duschegel und Shampoo mit einer sch\u00f6nen Dusche. Die Schlafzimmer verf\u00fcgen alle \u00fcber ein Bett, das von Doppel auf Einzelbett ge\u00e4ndert werden kann. Alle Bette sind mit zus\u00e4tzlichen Kissen speziell zum Lesen eines Buches. Alles ist sauber und die Betten sind frisch bezogen. Das Zimmer hat einen Kleiderschrank mit gro\u00dfem Spiegel, in dem zwei Bademantel und den F\u00f6n zu finden sind. Es gibt auch einen Tisch mit zwei sch\u00f6nen gro\u00dfen St\u00fchlen. Es gibt einen Klimaanlage im Zimmer, Zimmer verf\u00fcgt \u00fcber Wi-Fi.<\/p>\n<p>Jeden Tag wird pro Person ein sauberes Handtuch, Waschlappen und ein Badetuch zum Pool hingelegt.<\/p>","protected":false},"excerpt":{"rendered":"<p>Informationen \u00fcber die Doppel- und Einzelzimmer Die 3 Schlafzimmer Ararat, Garni und Geghard Doppel- oder Einzelzimmer sind ger\u00e4umige Zimmer von 16 m2. Jedes Schlafzimmer hat ein eigenes Badezimmer auf dem Flur. Das Badezimmer verf\u00fcgt \u00fcber ein Waschbecken mit Schr\u00e4nken, einen Spiegel, eine Steckdose, eine Toilette und eine Duschkabine mit Duschegel und Shampoo mit einer sch\u00f6nen [&hellip;]<\/p>\n","protected":false},"author":1,"featured_media":656,"parent":132,"menu_order":0,"comment_status":"open","ping_status":"open","template":"page-full-width.php","meta":{"footnotes":""},"class_list":["post-287","page","type-page","status-publish","has-post-thumbnail","hentry"],"_links":{"self":[{"href":"https:\/\/www.bedandbreakfast3gs.com\/de\/wp-json\/wp\/v2\/pages\/287","targetHints":{"allow":["GET"]}}],"collection":[{"href":"https:\/\/www.bedandbreakfast3gs.com\/de\/wp-json\/wp\/v2\/pages"}],"about":[{"href":"https:\/\/www.bedandbreakfast3gs.com\/de\/wp-json\/wp\/v2\/types\/page"}],"author":[{"embeddable":true,"href":"https:\/\/www.bedandbreakfast3gs.com\/de\/wp-json\/wp\/v2\/users\/1"}],"replies":[{"embeddable":true,"href":"https:\/\/www.bedandbreakfast3gs.com\/de\/wp-json\/wp\/v2\/comments?post=287"}],"version-history":[{"count":13,"href":"https:\/\/www.bedandbreakfast3gs.com\/de\/wp-json\/wp\/v2\/pages\/287\/revisions"}],"predecessor-version":[{"id":683,"href":"https:\/\/www.bedandbreakfast3gs.com\/de\/wp-json\/wp\/v2\/pages\/287\/revisions\/683"}],"up":[{"embeddable":true,"href":"https:\/\/www.bedandbreakfast3gs.com\/de\/wp-json\/wp\/v2\/pages\/132"}],"wp:featuredmedia":[{"embeddable":true,"href":"https:\/\/www.bedandbreakfast3gs.com\/de\/wp-json\/wp\/v2\/media\/656"}],"wp:attachment":[{"href":"https:\/\/www.bedandbreakfast3gs.com\/de\/wp-json\/wp\/v2\/media?parent=287"}],"curies":[{"name":"wp","href":"https:\/\/api.w.org\/{rel}","templated":true}]}}