{"id":282,"date":"2014-12-08T15:04:15","date_gmt":"2014-12-08T11:04:15","guid":{"rendered":"http:\/\/www.bedandbreakfast3gs.com\/?page_id=282"},"modified":"2026-01-19T12:01:17","modified_gmt":"2026-01-19T08:01:17","slug":"addinational-options","status":"publish","type":"page","link":"https:\/\/www.bedandbreakfast3gs.com\/de\/home-page\/addinational-options\/","title":{"rendered":"Zusatzoptionen"},"content":{"rendered":"<p>Die Preise f\u00fcr die Doppelzimmer \u201eArarat\u201c, \u201eGarni\u201c und \u201eGeghard\u201c betragen 24.000 amd pro Nacht, einschlie\u00dflich Fr\u00fchst\u00fcck, Bettw\u00e4sche, Handt\u00fccher, Badet\u00fccher, Bademantel, F\u00f6n auch Klimaanlage.<\/p>\n<p>Die Preise f\u00fcr die Einzelzimmer \u201eArarat\u201c, \u201eGarni\u201c und \u201eGeghard\u201c betragen 21.500 amd pro Nacht, einschlie\u00dflich Fr\u00fchst\u00fcck, Bettw\u00e4sche, Handt\u00fccher, Badet\u00fccher, Bademantel, F\u00f6n auch Klimaanlage.<\/p>\n<p>Das Deluxe-Doppelzimmer \u201eGoght\u201c kostet 26.000 amd pro Nacht, einschlie\u00dflich Fr\u00fchst\u00fcck, Bettw\u00e4sche, Handt\u00fccher, Badet\u00fccher, Bademantel, F\u00f6n, auch Klimaanlage.<\/p>\n<p>Der Aufenthalt ist f\u00fcr Kinder unter 2 Jahren kostet 2.000 amd pro Nacht (Im Zimmer der Eltern)<\/p>\n<p>Kinder von drei bis zw\u00f6lf Jahren zahlen\u00a0 8.000 amd pro Nacht. (Maximal 1 Kinder zus\u00e4tzlich pro Zimmer.)<\/p>\n<p>Kinder ab 13 Jahren zahlen den Volltarif\u00a0 12.000amd pro Nacht. (Maximal 1 Kinder zus\u00e4tzlich pro Zimmer.)<\/p>\n<p>Der Preis f\u00fcr den Aufenthalt von Kindern beinhaltet Fr\u00fchst\u00fcck, Bettw\u00e4sche, Handt\u00fccher und Badet\u00fccher.<\/p>\n<p>Der Preis f\u00fcr die \u00dcbernachtung einer zus\u00e4tzlichen Person im Zimmer betr\u00e4gt 12.000 amd pro Nacht. (Maximal eine Person zus\u00e4tzlich pro Zimmer.) Der Preis beinhaltet Fr\u00fchst\u00fcck, Bettw\u00e4sche, Handt\u00fccher und Badet\u00fccher.<\/p>\n<p>W\u00e4sche: 500 amd pro Waschmaschinenladung 8 kg,\u00a0 Selbstbedienung<\/p>\n<p>Check in 14:00 und Check out 11:00.<\/p>\n<p><span style=\"font-family: Calibri; font-size: medium;\">maximale Aufenthaltsdauer betr\u00e4gt 7 Tage<\/span><\/p>","protected":false},"excerpt":{"rendered":"<p>Die Preise f\u00fcr die Doppelzimmer \u201eArarat\u201c, \u201eGarni\u201c und \u201eGeghard\u201c betragen 24.000 amd pro Nacht, einschlie\u00dflich Fr\u00fchst\u00fcck, Bettw\u00e4sche, Handt\u00fccher, Badet\u00fccher, Bademantel, F\u00f6n auch Klimaanlage. Die Preise f\u00fcr die Einzelzimmer \u201eArarat\u201c, \u201eGarni\u201c und \u201eGeghard\u201c betragen 21.500 amd pro Nacht, einschlie\u00dflich Fr\u00fchst\u00fcck, Bettw\u00e4sche, Handt\u00fccher, Badet\u00fccher, Bademantel, F\u00f6n auch Klimaanlage. Das Deluxe-Doppelzimmer \u201eGoght\u201c kostet 26.000 amd pro Nacht, einschlie\u00dflich [&hellip;]<\/p>\n","protected":false},"author":1,"featured_media":667,"parent":132,"menu_order":0,"comment_status":"open","ping_status":"open","template":"page-full-width.php","meta":{"footnotes":""},"class_list":["post-282","page","type-page","status-publish","has-post-thumbnail","hentry"],"_links":{"self":[{"href":"https:\/\/www.bedandbreakfast3gs.com\/de\/wp-json\/wp\/v2\/pages\/282","targetHints":{"allow":["GET"]}}],"collection":[{"href":"https:\/\/www.bedandbreakfast3gs.com\/de\/wp-json\/wp\/v2\/pages"}],"about":[{"href":"https:\/\/www.bedandbreakfast3gs.com\/de\/wp-json\/wp\/v2\/types\/page"}],"author":[{"embeddable":true,"href":"https:\/\/www.bedandbreakfast3gs.com\/de\/wp-json\/wp\/v2\/users\/1"}],"replies":[{"embeddable":true,"href":"https:\/\/www.bedandbreakfast3gs.com\/de\/wp-json\/wp\/v2\/comments?post=282"}],"version-history":[{"count":25,"href":"https:\/\/www.bedandbreakfast3gs.com\/de\/wp-json\/wp\/v2\/pages\/282\/revisions"}],"predecessor-version":[{"id":711,"href":"https:\/\/www.bedandbreakfast3gs.com\/de\/wp-json\/wp\/v2\/pages\/282\/revisions\/711"}],"up":[{"embeddable":true,"href":"https:\/\/www.bedandbreakfast3gs.com\/de\/wp-json\/wp\/v2\/pages\/132"}],"wp:featuredmedia":[{"embeddable":true,"href":"https:\/\/www.bedandbreakfast3gs.com\/de\/wp-json\/wp\/v2\/media\/667"}],"wp:attachment":[{"href":"https:\/\/www.bedandbreakfast3gs.com\/de\/wp-json\/wp\/v2\/media?parent=282"}],"curies":[{"name":"wp","href":"https:\/\/api.w.org\/{rel}","templated":true}]}}